{"id":150,"date":"2024-03-31T22:14:09","date_gmt":"2024-03-31T20:14:09","guid":{"rendered":"https:\/\/cpl-carronor.fr\/?page_id=150"},"modified":"2024-04-18T11:54:55","modified_gmt":"2024-04-18T09:54:55","slug":"pieces-detachees","status":"publish","type":"page","link":"https:\/\/cpl-carronor.fr\/index.php\/pieces-detachees\/","title":{"rendered":"Pi\u00e8ces d\u00e9tach\u00e9es"},"content":{"rendered":"\n\n","protected":false},"excerpt":{"rendered":"","protected":false},"author":1,"featured_media":0,"parent":0,"menu_order":0,"comment_status":"closed","ping_status":"closed","template":"full-width","meta":{"saved_in_kubio":true,"footnotes":""},"class_list":["post-150","page","type-page","status-publish","hentry"],"kubio_ai_page_context":{"short_desc":"","purpose":"general"},"_links":{"self":[{"href":"https:\/\/cpl-carronor.fr\/index.php\/wp-json\/wp\/v2\/pages\/150","targetHints":{"allow":["GET"]}}],"collection":[{"href":"https:\/\/cpl-carronor.fr\/index.php\/wp-json\/wp\/v2\/pages"}],"about":[{"href":"https:\/\/cpl-carronor.fr\/index.php\/wp-json\/wp\/v2\/types\/page"}],"author":[{"embeddable":true,"href":"https:\/\/cpl-carronor.fr\/index.php\/wp-json\/wp\/v2\/users\/1"}],"replies":[{"embeddable":true,"href":"https:\/\/cpl-carronor.fr\/index.php\/wp-json\/wp\/v2\/comments?post=150"}],"version-history":[{"count":6,"href":"https:\/\/cpl-carronor.fr\/index.php\/wp-json\/wp\/v2\/pages\/150\/revisions"}],"predecessor-version":[{"id":308,"href":"https:\/\/cpl-carronor.fr\/index.php\/wp-json\/wp\/v2\/pages\/150\/revisions\/308"}],"wp:attachment":[{"href":"https:\/\/cpl-carronor.fr\/index.php\/wp-json\/wp\/v2\/media?parent=150"}],"curies":[{"name":"wp","href":"https:\/\/api.w.org\/{rel}","templated":true}]}}